{"id":8901,"date":"2016-09-05T13:58:53","date_gmt":"2016-09-05T13:58:53","guid":{"rendered":"https:\/\/www.jurand.org\/?page_id=8901\/"},"modified":"2020-01-31T13:25:14","modified_gmt":"2020-01-31T13:25:14","slug":"do-pobrania","status":"publish","type":"page","link":"https:\/\/www.jurand.org\/de\/do-pobrania\/","title":{"rendered":"Do Pobrania"},"content":{"rendered":"<div id=\"pl-8901\"  class=\"panel-layout\" ><div id=\"pg-8901-0\"  class=\"panel-grid panel-no-style\" ><div id=\"pgc-8901-0-0\"  class=\"panel-grid-cell\" ><div id=\"panel-8901-0-0-0\" class=\"so-panel widget widget_black-studio-tinymce widget_black_studio_tinymce panel-first-child\" data-index=\"0\" ><div class=\"textwidget\"><p><a href=\"https:\/\/www.jurand.org\/wp-content\/uploads\/2020\/01\/katalog-jurand-2020.pdf\" target=\"_new\"><img loading=\"lazy\" decoding=\"async\" class=\"wp-image-3840 size-full aligncenter\" src=\"https:\/\/www.jurand.org\/wp-content\/uploads\/2016\/09\/dopobrania-1-1.png\" width=\"546\" height=\"376\" srcset=\"https:\/\/www.jurand.org\/wp-content\/uploads\/2016\/09\/dopobrania-1-1.png 546w, https:\/\/www.jurand.org\/wp-content\/uploads\/2016\/09\/dopobrania-1-1-300x207.png 300w\" sizes=\"(max-width: 546px) 85vw, 546px\" \/><\/a><\/p>\n<h3 style=\"text-align: center;\">Katalog 2020<\/h3>\n<\/div><\/div><div id=\"panel-8901-0-0-1\" class=\"so-panel widget widget_black-studio-tinymce widget_black_studio_tinymce\" data-index=\"1\" ><div class=\"textwidget\"><p><a href=\"https:\/\/www.jurand.org\/wp-content\/uploads\/2018\/08\/instrukcja-classico-2506-1001.pdf\" target=\"_new\"><img loading=\"lazy\" decoding=\"async\" class=\"wp-image-10685 size-medium aligncenter\" src=\"https:\/\/www.jurand.org\/wp-content\/uploads\/2018\/08\/grfika-300x237.jpg\" alt=\"\" width=\"300\" height=\"237\" srcset=\"https:\/\/www.jurand.org\/wp-content\/uploads\/2018\/08\/grfika-300x237.jpg 300w, https:\/\/www.jurand.org\/wp-content\/uploads\/2018\/08\/grfika.jpg 607w\" sizes=\"(max-width: 300px) 85vw, 300px\" \/><\/a><\/p>\n<h3 style=\"text-align: center;\">Oczka Classico 2506 + 1001 Montageanleitung Brunnen<\/h3>\n<\/div><\/div><div id=\"panel-8901-0-0-2\" class=\"so-panel widget widget_black-studio-tinymce widget_black_studio_tinymce\" data-index=\"2\" ><div class=\"textwidget\"><p><a href=\"https:\/\/www.jurand.org\/wp-content\/uploads\/2018\/08\/1030r-instrukcja-montazu.pdf\" target=\"_new\"><img loading=\"lazy\" decoding=\"async\" class=\"wp-image-10685 size-medium aligncenter\" src=\"https:\/\/www.jurand.org\/wp-content\/uploads\/2018\/08\/grfika-300x237.jpg\" alt=\"\" width=\"300\" height=\"237\" srcset=\"https:\/\/www.jurand.org\/wp-content\/uploads\/2018\/08\/grfika-300x237.jpg 300w, https:\/\/www.jurand.org\/wp-content\/uploads\/2018\/08\/grfika.jpg 607w\" sizes=\"(max-width: 300px) 85vw, 300px\" \/><\/a><\/p>\n<h3 style=\"text-align: center;\">Fontanna W\u0142oska 1030R Montageanleitung Brunnen<\/h3>\n<\/div><\/div><div id=\"panel-8901-0-0-3\" class=\"so-panel widget widget_black-studio-tinymce widget_black_studio_tinymce\" data-index=\"3\" ><div class=\"textwidget\"><p><a href=\"https:\/\/www.jurand.org\/wp-content\/download\/files_Finecrete_Ulotka.pdf\" target=\"_new\"><img loading=\"lazy\" decoding=\"async\" class=\"wp-image-3843 size-full aligncenter\" src=\"https:\/\/www.jurand.org\/wp-content\/uploads\/2016\/09\/dopobrania-4-1.png\" width=\"546\" height=\"376\" srcset=\"https:\/\/www.jurand.org\/wp-content\/uploads\/2016\/09\/dopobrania-4-1.png 546w, https:\/\/www.jurand.org\/wp-content\/uploads\/2016\/09\/dopobrania-4-1-300x207.png 300w\" sizes=\"(max-width: 546px) 85vw, 546px\" \/><\/a><\/p>\n<h3 style=\"text-align: center;\">Leaflet FINECRETE<\/h3>\n<\/div><\/div><div id=\"panel-8901-0-0-4\" class=\"so-panel widget widget_black-studio-tinymce widget_black_studio_tinymce panel-last-child\" data-index=\"4\" ><div class=\"textwidget\"><p><a href=\"https:\/\/www.jurand.org\/wp-content\/uploads\/2018\/08\/warunki-gwarancji-oraz-uzytkowania-produktow-2018.pdf\" target=\"_new\"><img loading=\"lazy\" decoding=\"async\" class=\"wp-image-10685 size-medium aligncenter\" src=\"https:\/\/www.jurand.org\/wp-content\/uploads\/2018\/08\/grfika-300x237.jpg\" alt=\"\" width=\"300\" height=\"237\" srcset=\"https:\/\/www.jurand.org\/wp-content\/uploads\/2018\/08\/grfika-300x237.jpg 300w, https:\/\/www.jurand.org\/wp-content\/uploads\/2018\/08\/grfika.jpg 607w\" sizes=\"(max-width: 300px) 85vw, 300px\" \/><\/a><\/p>\n<h3 style=\"text-align: center;\">Garantiebedingungen und Verwendung von Produkten 2018<\/h3>\n<\/div><\/div><\/div><div id=\"pgc-8901-0-1\"  class=\"panel-grid-cell\" ><div id=\"panel-8901-0-1-0\" class=\"so-panel widget widget_black-studio-tinymce widget_black_studio_tinymce panel-first-child\" data-index=\"5\" ><div class=\"textwidget\"><p><a href=\"https:\/\/www.jurand.org\/wp-content\/uploads\/2020\/01\/fontanna-ogolna-instrukcja.pdf\" target=\"_blank\" rel=\"noopener\"><img decoding=\"async\" class=\"aligncenter wp-image-10768 size-full\" src=\"https:\/\/www.jurand.org\/wp-content\/uploads\/2020\/01\/instrucion.jpg\" alt=\"\"\/><\/a><\/p>\n<h3 style=\"text-align: center;\">Allgemeine Montageanleitung f\u00fcr Springbrunnen<\/h3>\n<\/div><\/div><div id=\"panel-8901-0-1-1\" class=\"so-panel widget widget_black-studio-tinymce widget_black_studio_tinymce\" data-index=\"6\" ><div class=\"textwidget\"><p><a href=\"https:\/\/www.jurand.org\/wp-content\/download\/files_Fontanna_instrukcja_montazu.pdf\" target=\"_new\"><img loading=\"lazy\" decoding=\"async\" class=\"wp-image-3842 size-full aligncenter\" src=\"https:\/\/www.jurand.org\/wp-content\/uploads\/2016\/09\/dopobrania-3-1.png\" width=\"546\" height=\"376\" srcset=\"https:\/\/www.jurand.org\/wp-content\/uploads\/2016\/09\/dopobrania-3-1.png 546w, https:\/\/www.jurand.org\/wp-content\/uploads\/2016\/09\/dopobrania-3-1-300x207.png 300w\" sizes=\"(max-width: 546px) 85vw, 546px\" \/><\/a><\/p>\n<h3 style=\"text-align: center;\">1030R Brunnen Montageanleitung <\/h3>\n<\/div><\/div><div id=\"panel-8901-0-1-2\" class=\"so-panel widget widget_black-studio-tinymce widget_black_studio_tinymce\" data-index=\"7\" ><div class=\"textwidget\"><p><a href=\"https:\/\/www.jurand.org\/wp-content\/uploads\/2018\/08\/2502-instrukcja-montazu.pdf\" target=\"_new\"><img loading=\"lazy\" decoding=\"async\" class=\"wp-image-10685 size-medium aligncenter\" src=\"https:\/\/www.jurand.org\/wp-content\/uploads\/2018\/08\/grfika-300x237.jpg\" alt=\"\" width=\"300\" height=\"237\" srcset=\"https:\/\/www.jurand.org\/wp-content\/uploads\/2018\/08\/grfika-300x237.jpg 300w, https:\/\/www.jurand.org\/wp-content\/uploads\/2018\/08\/grfika.jpg 607w\" sizes=\"(max-width: 300px) 85vw, 300px\" \/><\/a><\/p>\n<h3 style=\"text-align: center;\">Oczko Du\u017ce 2502 Montageanleitung Brunnen<\/h3>\n<\/div><\/div><div id=\"panel-8901-0-1-3\" class=\"so-panel widget widget_black-studio-tinymce widget_black_studio_tinymce\" data-index=\"8\" ><div class=\"textwidget\"><p><a href=\"https:\/\/www.jurand.org\/wp-content\/uploads\/2018\/08\/1001-instrukcja-montazu.pdf\" target=\"_new\"><img loading=\"lazy\" decoding=\"async\" class=\"wp-image-10685 size-medium aligncenter\" src=\"https:\/\/www.jurand.org\/wp-content\/uploads\/2018\/08\/grfika-300x237.jpg\" alt=\"\" width=\"300\" height=\"237\" srcset=\"https:\/\/www.jurand.org\/wp-content\/uploads\/2018\/08\/grfika-300x237.jpg 300w, https:\/\/www.jurand.org\/wp-content\/uploads\/2018\/08\/grfika.jpg 607w\" sizes=\"(max-width: 300px) 85vw, 300px\" \/><\/a><\/p>\n<h3 style=\"text-align: center;\">Fontanna Du\u017ca 1001 Montageanleitung Brunnen<\/h3>\n<\/div><\/div><div id=\"panel-8901-0-1-4\" class=\"so-panel widget widget_black-studio-tinymce widget_black_studio_tinymce panel-last-child\" data-index=\"9\" ><div class=\"textwidget\"><p><a href=\"https:\/\/www.jurand.org\/wp-content\/download\/files_PROJEKTOWANIE_DESIGN.pdf\" target=\"_new\"><img loading=\"lazy\" decoding=\"async\" class=\"alignnone wp-image-3841 size-full\" src=\"https:\/\/www.jurand.org\/wp-content\/uploads\/2016\/09\/dopobrania-2-1.png\" width=\"546\" height=\"376\" srcset=\"https:\/\/www.jurand.org\/wp-content\/uploads\/2016\/09\/dopobrania-2-1.png 546w, https:\/\/www.jurand.org\/wp-content\/uploads\/2016\/09\/dopobrania-2-1-300x207.png 300w\" sizes=\"(max-width: 546px) 85vw, 546px\" \/><\/a><\/p>\n<h3 style=\"text-align: center;\">Leaflet Entwerfen\/Designn<\/h3>\n<\/div><\/div><\/div><\/div><\/div>","protected":false},"excerpt":{"rendered":"<p>Katalog 2020 Oczka Classico 2506 + 1001 Montageanleitung Brunnen Fontanna W\u0142oska 1030R Montageanleitung Brunnen Leaflet FINECRETE Garantiebedingungen und Verwendung von Produkten 2018 Allgemeine Montageanleitung f\u00fcr Springbrunnen 1030R Brunnen Montageanleitung Oczko Du\u017ce 2502 Montageanleitung Brunnen Fontanna Du\u017ca 1001 Montageanleitung Brunnen Leaflet Entwerfen\/Designn<\/p>\n","protected":false},"author":3,"featured_media":0,"parent":0,"menu_order":0,"comment_status":"closed","ping_status":"closed","template":"","meta":{"footnotes":""},"_links":{"self":[{"href":"https:\/\/www.jurand.org\/de\/wp-json\/wp\/v2\/pages\/8901"}],"collection":[{"href":"https:\/\/www.jurand.org\/de\/wp-json\/wp\/v2\/pages"}],"about":[{"href":"https:\/\/www.jurand.org\/de\/wp-json\/wp\/v2\/types\/page"}],"author":[{"embeddable":true,"href":"https:\/\/www.jurand.org\/de\/wp-json\/wp\/v2\/users\/3"}],"replies":[{"embeddable":true,"href":"https:\/\/www.jurand.org\/de\/wp-json\/wp\/v2\/comments?post=8901"}],"version-history":[{"count":16,"href":"https:\/\/www.jurand.org\/de\/wp-json\/wp\/v2\/pages\/8901\/revisions"}],"predecessor-version":[{"id":11201,"href":"https:\/\/www.jurand.org\/de\/wp-json\/wp\/v2\/pages\/8901\/revisions\/11201"}],"wp:attachment":[{"href":"https:\/\/www.jurand.org\/de\/wp-json\/wp\/v2\/media?parent=8901"}],"curies":[{"name":"wp","href":"https:\/\/api.w.org\/{rel}","templated":true}]}}