{"id":10405,"date":"2016-10-05T15:41:15","date_gmt":"2016-10-05T15:41:15","guid":{"rendered":"https:\/\/www.jurand.org\/accessories\/"},"modified":"2017-05-25T09:37:25","modified_gmt":"2017-05-25T09:37:25","slug":"accessories","status":"publish","type":"page","link":"https:\/\/www.jurand.org\/de\/accessories\/","title":{"rendered":"Zubeh\u00f6r"},"content":{"rendered":"<p style=\"text-align: center;\">Wir bieten eine breite Palette an Zubeh\u00f6r f\u00fcr die Installation unserer Produkte:<\/p>\n<p style=\"text-align: center;\">\nPumpen und Zubeh\u00f6r,<br \/>\nBeleuchtung und Zubeh\u00f6r,<br \/>\nDie Vorbereitungen f\u00fcr die Konservierung von Produkten,<br \/>\nD\u00fcsen,<br \/>\nRinge von D\u00fcsen,<br \/>\nMontagekleber ,<br \/>\nKreis Brunnen,<\/p>\n<p style=\"text-align: center;\">und viele andere.<\/p>\n<p style=\"text-align: center;\">Sie ben\u00f6tigen weitere Informationen uns eine Anfrage senden f\u00fcr <a href=\"mailto:info@www.jurand.org\">info@www.jurand.org<\/a><\/p>\n","protected":false},"excerpt":{"rendered":"<p>Wir bieten eine breite Palette an Zubeh\u00f6r f\u00fcr die Installation unserer Produkte: Pumpen und Zubeh\u00f6r, Beleuchtung und Zubeh\u00f6r, Die Vorbereitungen f\u00fcr die Konservierung von Produkten, D\u00fcsen, Ringe von D\u00fcsen, Montagekleber , Kreis Brunnen, und viele andere. Sie ben\u00f6tigen weitere Informationen uns eine Anfrage senden f\u00fcr info@www.jurand.org<\/p>\n","protected":false},"author":2,"featured_media":0,"parent":0,"menu_order":0,"comment_status":"closed","ping_status":"closed","template":"","meta":{"footnotes":""},"_links":{"self":[{"href":"https:\/\/www.jurand.org\/de\/wp-json\/wp\/v2\/pages\/10405"}],"collection":[{"href":"https:\/\/www.jurand.org\/de\/wp-json\/wp\/v2\/pages"}],"about":[{"href":"https:\/\/www.jurand.org\/de\/wp-json\/wp\/v2\/types\/page"}],"author":[{"embeddable":true,"href":"https:\/\/www.jurand.org\/de\/wp-json\/wp\/v2\/users\/2"}],"replies":[{"embeddable":true,"href":"https:\/\/www.jurand.org\/de\/wp-json\/wp\/v2\/comments?post=10405"}],"version-history":[{"count":2,"href":"https:\/\/www.jurand.org\/de\/wp-json\/wp\/v2\/pages\/10405\/revisions"}],"predecessor-version":[{"id":10407,"href":"https:\/\/www.jurand.org\/de\/wp-json\/wp\/v2\/pages\/10405\/revisions\/10407"}],"wp:attachment":[{"href":"https:\/\/www.jurand.org\/de\/wp-json\/wp\/v2\/media?parent=10405"}],"curies":[{"name":"wp","href":"https:\/\/api.w.org\/{rel}","templated":true}]}}